{"id":378,"date":"2021-09-01T05:48:00","date_gmt":"2021-09-01T03:48:00","guid":{"rendered":"http:\/\/labonnecause.com\/?page_id=378"},"modified":"2024-01-10T14:10:51","modified_gmt":"2024-01-10T13:10:51","slug":"http-labonnecause-com","status":"publish","type":"page","link":"https:\/\/labonnecause.com\/","title":{"rendered":"Attente_OK"},"content":{"rendered":"<p>[et_pb_section fb_built=\u00a0\u00bb1&Prime; _builder_version=\u00a0\u00bb4.10.4&Prime; _module_preset=\u00a0\u00bbdefault\u00a0\u00bb background_image=\u00a0\u00bbhttp:\/\/labonnecause.com\/wp-content\/uploads\/2021\/08\/13-e1630679435393.png\u00a0\u00bb custom_css_main_element=\u00a0\u00bbheight:100vh\u00a0\u00bb global_colors_info=\u00a0\u00bb{}\u00a0\u00bb][et_pb_row _builder_version=\u00a0\u00bb4.10.4&Prime; _module_preset=\u00a0\u00bbdefault\u00a0\u00bb custom_margin=\u00a0\u00bb|auto||101px||\u00a0\u00bb custom_padding=\u00a0\u00bb60px|||||\u00a0\u00bb global_colors_info=\u00a0\u00bb{}\u00a0\u00bb width=\u00a0\u00bb51.4%\u00a0\u00bb][et_pb_column type=\u00a0\u00bb4_4&Prime; _builder_version=\u00a0\u00bb4.10.4&Prime; _module_preset=\u00a0\u00bbdefault\u00a0\u00bb global_colors_info=\u00a0\u00bb{}\u00a0\u00bb][et_pb_text _builder_version=\u00a0\u00bb4.10.4&Prime; _module_preset=\u00a0\u00bbdefault\u00a0\u00bb text_font=\u00a0\u00bbAclonica||||||||\u00a0\u00bb custom_padding=\u00a0\u00bb||0px|||\u00a0\u00bb global_colors_info=\u00a0\u00bb{}\u00a0\u00bb]<\/p>\n<h1>Paris-Hy\u00e8res <span style=\"color: #000c26;\">devient<\/span><\/h1>\n<h1><span style=\"color: #aa002d;\">La bonne cause<\/span><\/h1>\n<p><span style=\"font-size: medium; color: #212121;\">Un collectif d&rsquo;experts au service de l&rsquo;int\u00e9r\u00eat g\u00e9n\u00e9ral<\/span><\/p>\n<div class=\"flex flex-grow flex-col max-w-full\">\n<div class=\"min-h-[20px] text-message flex flex-col items-start gap-3 whitespace-pre-wrap break-words [.text-message+&amp;]:mt-5 overflow-x-auto\" data-message-author-role=\"assistant\" data-message-id=\"63f16f07-8ce2-4c5d-97e2-7d7e4d2884c8\">\n<div class=\"markdown prose w-full break-words dark:prose-invert light\">\n<p><span style=\"color: rgba(0, 0, 0, 0.5);\">Cr\u00e9\u00e9e en 2003 avec l&rsquo;ambition d&rsquo;aborder de mani\u00e8re ludique des sujets sensibles, Paris-Hy\u00e9res devient en 2024 <span style=\"color: rgba(0, 0, 0, 0.98);\">La bonne cause<\/span>, un collectif d&rsquo;experts en philanthropie, formation et communication au service d&rsquo;actions positives pour un monde meilleur.<\/span><\/p>\n<\/div>\n<\/div>\n<\/div>\n<p>[\/et_pb_text][et_pb_text _builder_version=\u00a0\u00bb4.10.4&Prime; _module_preset=\u00a0\u00bbdefault\u00a0\u00bb text_text_color=\u00a0\u00bb#000000&Prime; custom_margin=\u00a0\u00bb316px|||||\u00a0\u00bb custom_padding=\u00a0\u00bb5px||6px|||\u00a0\u00bb global_colors_info=\u00a0\u00bb{}\u00a0\u00bb]<\/p>\n<p>Contact : Lbc@labonnecause.com<\/p>\n<p>[\/et_pb_text][\/et_pb_column][\/et_pb_row][et_pb_row column_structure=\u00a0\u00bb1_2,1_2&Prime; _builder_version=\u00a0\u00bb4.10.4&Prime; _module_preset=\u00a0\u00bbdefault\u00a0\u00bb global_colors_info=\u00a0\u00bb{}\u00a0\u00bb][et_pb_column type=\u00a0\u00bb1_2&Prime; _builder_version=\u00a0\u00bb4.10.4&Prime; _module_preset=\u00a0\u00bbdefault\u00a0\u00bb global_colors_info=\u00a0\u00bb{}\u00a0\u00bb][\/et_pb_column][et_pb_column type=\u00a0\u00bb1_2&Prime; _builder_version=\u00a0\u00bb4.10.4&Prime; _module_preset=\u00a0\u00bbdefault\u00a0\u00bb global_colors_info=\u00a0\u00bb{}\u00a0\u00bb][\/et_pb_column][\/et_pb_row][\/et_pb_section]<\/p>\n","protected":false},"excerpt":{"rendered":"<p>Paris-Hy\u00e8res devient La bonne cause Un collectif d&rsquo;experts au service de l&rsquo;int\u00e9r\u00eat g\u00e9n\u00e9ral Cr\u00e9\u00e9e en 2003 avec l&rsquo;ambition d&rsquo;aborder de mani\u00e8re ludique des sujets sensibles, Paris-Hy\u00e9res devient en 2024 La bonne cause, un collectif d&rsquo;experts en philanthropie, formation et communication au service d&rsquo;actions positives pour un monde meilleur. Contact : Lbc@labonnecause.com<\/p>\n","protected":false},"author":1,"featured_media":0,"parent":0,"menu_order":0,"comment_status":"closed","ping_status":"closed","template":"page-template-blank.php","meta":{"_et_pb_use_builder":"on","_et_pb_old_content":"","_et_gb_content_width":"","footnotes":""},"_links":{"self":[{"href":"https:\/\/labonnecause.com\/index.php\/wp-json\/wp\/v2\/pages\/378"}],"collection":[{"href":"https:\/\/labonnecause.com\/index.php\/wp-json\/wp\/v2\/pages"}],"about":[{"href":"https:\/\/labonnecause.com\/index.php\/wp-json\/wp\/v2\/types\/page"}],"author":[{"embeddable":true,"href":"https:\/\/labonnecause.com\/index.php\/wp-json\/wp\/v2\/users\/1"}],"replies":[{"embeddable":true,"href":"https:\/\/labonnecause.com\/index.php\/wp-json\/wp\/v2\/comments?post=378"}],"version-history":[{"count":11,"href":"https:\/\/labonnecause.com\/index.php\/wp-json\/wp\/v2\/pages\/378\/revisions"}],"predecessor-version":[{"id":413,"href":"https:\/\/labonnecause.com\/index.php\/wp-json\/wp\/v2\/pages\/378\/revisions\/413"}],"wp:attachment":[{"href":"https:\/\/labonnecause.com\/index.php\/wp-json\/wp\/v2\/media?parent=378"}],"curies":[{"name":"wp","href":"https:\/\/api.w.org\/{rel}","templated":true}]}}